{"id":2032,"date":"2024-02-14T08:34:42","date_gmt":"2024-02-14T06:34:42","guid":{"rendered":"https:\/\/nobelapartment.gr\/accommodation\/nobel-apartment\/"},"modified":"2024-03-21T15:22:23","modified_gmt":"2024-03-21T15:22:23","slug":"nobel-apartment","status":"publish","type":"product","link":"https:\/\/nobelapartment.gr\/fr\/accommodation\/nobel-apartment\/","title":{"rendered":"Appartement NOBEL"},"content":{"rendered":"","protected":false},"excerpt":{"rendered":"<p><strong>Caract\u00e9ristiques principales<\/strong><\/p>\n<ul>\n<li><strong>Location<\/strong> &#8211; Chania \/ Cr\u00e8te +<\/li>\n<li><strong>Taille de l&rsquo;appartement<\/strong> 108m\u00b2<\/li>\n<li><strong>Parking pour<\/strong> 2 voitures<\/li>\n<li><strong>Pour<\/strong> 4 personnes<\/li>\n<li>2 chambres<\/li>\n<li>1 Cuisine<\/li>\n<li>2 Balcon<\/li>\n<li>3 WC<\/li>\n<\/ul>\n<p><strong>Caract\u00e9ristiques secondaires<\/strong><\/p>\n<ul>\n<li>Wifi<\/li>\n<li>Coffres-forts<\/li>\n<li>Climatisation individuelle<\/li>\n<li>Syst\u00e8me de s\u00e9curit\u00e9 vid\u00e9o<\/li>\n<li>Syst\u00e8me d&rsquo;alarme<\/li>\n<li>Table basse<\/li>\n<li>T\u00e9l\u00e9vision par satellite<\/li>\n<li>Portier<\/li>\n<\/ul>\n<p><strong><a href=\"https:\/\/nobelapartment.gr\/the-house\/\">Plus de d\u00e9tails ;<\/a><\/strong><\/p>\n","protected":false},"featured_media":59,"template":"","meta":{"rs_blank_template":"","rs_page_bg_color":"","slide_template_v7":"","_monsterinsights_skip_tracking":false,"_monsterinsights_sitenote_active":false,"_monsterinsights_sitenote_note":"","_monsterinsights_sitenote_category":0},"product_brand":[],"product_cat":[53],"product_tag":[],"class_list":{"0":"post-2032","1":"product","2":"type-product","3":"status-publish","4":"has-post-thumbnail","6":"product_cat-apartments-fr","8":"first","9":"instock","10":"virtual","11":"sold-individually","12":"taxable","13":"purchasable","14":"product-type-accommodation-booking"},"booking_location":"","booking_location_type":"","booking_duration":1,"booking_duration_unit":"night","booking_buffer":0,"booking_cost":0,"booking_resources":[],"_links":{"self":[{"href":"https:\/\/nobelapartment.gr\/fr\/wp-json\/wp\/v2\/product\/2032","targetHints":{"allow":["GET"]}}],"collection":[{"href":"https:\/\/nobelapartment.gr\/fr\/wp-json\/wp\/v2\/product"}],"about":[{"href":"https:\/\/nobelapartment.gr\/fr\/wp-json\/wp\/v2\/types\/product"}],"wp:featuredmedia":[{"embeddable":true,"href":"https:\/\/nobelapartment.gr\/fr\/wp-json\/wp\/v2\/media\/59"}],"wp:attachment":[{"href":"https:\/\/nobelapartment.gr\/fr\/wp-json\/wp\/v2\/media?parent=2032"}],"wp:term":[{"taxonomy":"product_brand","embeddable":true,"href":"https:\/\/nobelapartment.gr\/fr\/wp-json\/wp\/v2\/product_brand?post=2032"},{"taxonomy":"product_cat","embeddable":true,"href":"https:\/\/nobelapartment.gr\/fr\/wp-json\/wp\/v2\/product_cat?post=2032"},{"taxonomy":"product_tag","embeddable":true,"href":"https:\/\/nobelapartment.gr\/fr\/wp-json\/wp\/v2\/product_tag?post=2032"}],"curies":[{"name":"wp","href":"https:\/\/api.w.org\/{rel}","templated":true}]}}