{"id":759,"date":"2024-03-05T21:38:38","date_gmt":"2024-03-05T19:38:38","guid":{"rendered":"https:\/\/nobelapartment.gr\/location\/"},"modified":"2024-03-29T14:49:32","modified_gmt":"2024-03-29T12:49:32","slug":"location","status":"publish","type":"page","link":"https:\/\/nobelapartment.gr\/fr\/location\/","title":{"rendered":"Localisation"},"content":{"rendered":"\t\t<div data-elementor-type=\"wp-page\" data-elementor-id=\"759\" class=\"elementor elementor-759 elementor-525\" data-elementor-settings=\"{&quot;ha_cmc_init_switcher&quot;:&quot;no&quot;}\" data-elementor-post-type=\"page\">\n\t\t\t\t<div class=\"elementor-element elementor-element-03d6e75 e-con-full e-flex e-con e-parent\" data-id=\"03d6e75\" data-element_type=\"container\" data-e-type=\"container\" data-settings=\"{&quot;_ob_use_container_extras&quot;:&quot;no&quot;,&quot;_ob_column_hoveranimator&quot;:&quot;no&quot;,&quot;_ha_eqh_enable&quot;:false,&quot;_ob_glider_is_slider&quot;:&quot;no&quot;,&quot;_ob_column_has_pseudo&quot;:&quot;no&quot;}\">\n\t\t\t\t<div class=\"elementor-element elementor-element-b01d969 ob-has-background-overlay elementor-widget elementor-widget-slider_revolution\" data-id=\"b01d969\" data-element_type=\"widget\" data-e-type=\"widget\" data-settings=\"{&quot;_ob_perspektive_use&quot;:&quot;no&quot;,&quot;_ob_poopart_use&quot;:&quot;yes&quot;,&quot;_ob_shadough_use&quot;:&quot;no&quot;,&quot;_ob_allow_hoveranimator&quot;:&quot;no&quot;,&quot;_ob_widget_stalker_use&quot;:&quot;no&quot;}\" data-widget_type=\"slider_revolution.default\">\n\t\t\t\t<div class=\"elementor-widget-container\">\n\t\t\t\t\t<div class=\"wp-block-themepunch-revslider revslider\">\n\t\t\t\t<p class=\"rs-p-wp-fix\"><\/p>\n\t\t\t\t<sr7-module data-alias=\"slider-1\" data-id=\"1\" id=\"SR7_1_1\" data-version=\"7.0.7.1\">\n\t\t\t\t\t<sr7-adjuster><\/sr7-adjuster>\n\t\t\t\t\t<sr7-content>\n\t\t\t\t\t\t<sr7-slide id=\"SR7_1_1-1\" data-key=\"1\">\n\t\t\t\t\t\t\t<sr7-bg id=\"SR7_1_1-1-1\" class=\"sr7-layer\"><noscript><img decoding=\"async\" src=\"https:\/\/nobelapartment.gr\/wp-content\/uploads\/2024\/02\/3Y7A9529.jpg\" alt=\"\" title=\"3Y7A9529\"><\/noscript><\/sr7-bg>\n\t\t\t\t\t\t\t<sr7-txt id=\"SR7_1_1-1-0\" class=\"sr7-layer\">Welcome to Noble Apartment<\/sr7-txt>\n\t\t\t\t\t\t<\/sr7-slide>\n\t\t\t\t\t\t<sr7-slide id=\"SR7_1_1-2\" data-key=\"2\">\n\t\t\t\t\t\t\t<sr7-bg id=\"SR7_1_1-2-4\" class=\"sr7-layer\"><noscript><img decoding=\"async\" src=\"https:\/\/nobelapartment.gr\/wp-content\/uploads\/2024\/02\/3Y7A9262.jpg\" alt=\"\" title=\"3Y7A9262\"><\/noscript><\/sr7-bg>\n\t\t\t\t\t\t\t<sr7-txt id=\"SR7_1_1-2-1\" class=\"sr7-layer\">Comfortable living and dining room<\/sr7-txt>\n\t\t\t\t\t\t\t<sr7-txt id=\"SR7_1_1-2-3\" class=\"sr7-layer\">Comfortable living and dining room<\/sr7-txt>\n\t\t\t\t\t\t<\/sr7-slide>\n\t\t\t\t\t\t<sr7-slide id=\"SR7_1_1-3\" data-key=\"3\">\n\t\t\t\t\t\t\t<sr7-bg id=\"SR7_1_1-3-2\" class=\"sr7-layer\"><noscript><img decoding=\"async\" src=\"https:\/\/nobelapartment.gr\/wp-content\/uploads\/2024\/03\/3Y7A9341-scaled.jpg\" alt=\"\" title=\"3Y7A9341\"><\/noscript><\/sr7-bg>\n\t\t\t\t\t\t\t<sr7-txt id=\"SR7_1_1-3-1\" class=\"sr7-layer\">Luxurious and comfortable <\/sr7-txt>\n\t\t\t\t\t\t<\/sr7-slide>\n\t\t\t\t\t\t<sr7-slide id=\"SR7_1_1-4\" data-key=\"4\">\n\t\t\t\t\t\t<\/sr7-slide>\n\t\t\t\t\t<\/sr7-content>\n\t\t\t\t\t<image_lists style=\"display:none\">\n\t\t\t\t\t\t<img data-src=\"\/\/nobelapartment.gr\/wp-content\/uploads\/revslider\/o\/1\/e8a261ac1c20660399e658a383c0dc7d.webp\" data-libid=\"58\" data-lib=\"medialibrary\" title=\"3Y7A9529\" width=\"0\" height=\"0\" data-dbsrc=\"Ly9ub2JlbGFwYXJ0bWVudC5nci93cC1jb250ZW50L3VwbG9hZHMvMjAyNC8wMi8zWTdBOTUyOS5qcGc=\"\/>\n\t\t\t\t\t\t<img data-src=\"\/\/nobelapartment.gr\/wp-content\/uploads\/revslider\/o\/1\/071395c2f16f68c0f8d2fa1e1768cc55.webp\" data-libid=\"62\" data-lib=\"medialibrary\" title=\"3Y7A9262\" width=\"0\" height=\"0\" data-dbsrc=\"Ly9ub2JlbGFwYXJ0bWVudC5nci93cC1jb250ZW50L3VwbG9hZHMvMjAyNC8wMi8zWTdBOTI2Mi5qcGc=\"\/>\n\t\t\t\t\t\t<img data-src=\"\/\/nobelapartment.gr\/wp-content\/uploads\/revslider\/o\/1\/78613df591d5ceb25f308c2d5ee264e3.webp\" data-libid=\"1193\" data-lib=\"medialibrary\" title=\"3Y7A9341\" width=\"0\" height=\"0\" data-dbsrc=\"Ly9ub2JlbGFwYXJ0bWVudC5nci93cC1jb250ZW50L3VwbG9hZHMvMjAyNC8wMy8zWTdBOTM0MS1zY2FsZWQuanBn\"\/>\n\t\t\t\t\t<\/image_lists>\n\t\t\t\t<\/sr7-module>\n\t\t\t\t<script>\n\t\t\t\t\twindow.SR7??={}; SR7.PMH ??={}; SR7.PMH[\"SR7_1_1\"] = {cn:100,state:false,fn: function() { if (window._tpt!==undefined && window._tpt.prepareModuleHeight !== undefined) {  _tpt.prepareModuleHeight({id:\"SR7_1_1\",el:[900,900,568,460,320],type:'standard',gh:[900,900,568,460,320],gw:[1240,1240,1024,778,480],vpt:['-200px&#039;,&#039;-200px&#039;,&#039;-200px&#039;,&#039;-200px&#039;,&#039;-200px'],size:{fullWidth:true, fullHeight:false},mh:'0',onh:0,onw:0,bg:{color:'{\"orig\":\"transparent\",\"type\":\"solid\",\"string\":\"transparent\"}'}});   SR7.PMH[\"SR7_1_1\"].state=true;} else if(SR7.PMH[\"SR7_1_1\"].cn-->0)\tsetTimeout( SR7.PMH[\"SR7_1_1\"].fn,19);}};SR7.PMH[\"SR7_1_1\" ].fn();\n\t\t\t\t<\/script>\n<\/div>\t\t\t\t<\/div>\n\t\t\t\t<\/div>\n\t\t\t\t<\/div>\n\t\t<div class=\"elementor-element elementor-element-2593292 e-flex e-con-boxed e-con e-parent\" data-id=\"2593292\" data-element_type=\"container\" data-e-type=\"container\" data-settings=\"{&quot;_ob_use_container_extras&quot;:&quot;no&quot;,&quot;_ob_column_hoveranimator&quot;:&quot;no&quot;,&quot;_ha_eqh_enable&quot;:false,&quot;_ob_glider_is_slider&quot;:&quot;no&quot;,&quot;_ob_column_has_pseudo&quot;:&quot;no&quot;}\">\n\t\t\t\t\t<div class=\"e-con-inner\">\n\t\t\t\t<div class=\"elementor-element elementor-element-8759dbe ob-harakiri-inherit ob-has-background-overlay elementor-widget elementor-widget-text-editor\" data-id=\"8759dbe\" data-element_type=\"widget\" data-e-type=\"widget\" data-settings=\"{&quot;_ob_use_harakiri&quot;:&quot;yes&quot;,&quot;_ob_harakiri_writing_mode&quot;:&quot;inherit&quot;,&quot;_ob_postman_use&quot;:&quot;no&quot;,&quot;_ob_perspektive_use&quot;:&quot;no&quot;,&quot;_ob_poopart_use&quot;:&quot;yes&quot;,&quot;_ob_shadough_use&quot;:&quot;no&quot;,&quot;_ob_allow_hoveranimator&quot;:&quot;no&quot;,&quot;_ob_widget_stalker_use&quot;:&quot;no&quot;}\" data-widget_type=\"text-editor.default\">\n\t\t\t\t<div class=\"elementor-widget-container\">\n\t\t\t\t\t\t\t\t\t<p><strong>Pr\u00e8s de chez vous : <\/strong>Gyms, Pharmacies, Cliniques m\u00e9dicales, Salons de coiffure pour hommes et femmes, Supermarch\u00e9s, Restaurants, Caf\u00e9s, Salles d&rsquo;exposition.<br \/><strong>Distance<\/strong> Ioannis Daskalogiannis Airport Chania 15km, Chania Bus Station 1km, Port of Souda Chania 8km ;<\/p>\n<div id=\"gtx-trans\" style=\"position: absolute; left: -86px; top: -8.8px;\">\n<div class=\"gtx-trans-icon\"> <\/div>\n<\/div>\n\t\t\t\t\t\t\t\t<\/div>\n\t\t\t\t<\/div>\n\t\t\t\t\t<\/div>\n\t\t\t\t<\/div>\n\t\t<div class=\"elementor-element elementor-element-dd26876 e-con-full e-flex e-con e-parent\" data-id=\"dd26876\" data-element_type=\"container\" data-e-type=\"container\" data-settings=\"{&quot;_ob_use_container_extras&quot;:&quot;no&quot;,&quot;_ob_column_hoveranimator&quot;:&quot;no&quot;,&quot;_ha_eqh_enable&quot;:false,&quot;_ob_glider_is_slider&quot;:&quot;no&quot;,&quot;_ob_column_has_pseudo&quot;:&quot;no&quot;}\">\n\t\t\t\t<\/div>\n\t\t\t\t<\/div>\n\t\t","protected":false},"excerpt":{"rendered":"<p>Pr\u00e8s de chez vous : Gyms, Pharmacies, Cliniques m\u00e9dicales, Salons de coiffure pour hommes et femmes, Supermarch\u00e9s, Restaurants, Caf\u00e9s, Salles d&rsquo;exposition.Distance Ioannis Daskalogiannis Airport Chania 15km, Chania Bus Station 1km, Port of Souda Chania 8km ; Legend NOBEL apartment<\/p>\n","protected":false},"author":1,"featured_media":0,"parent":0,"menu_order":0,"comment_status":"closed","ping_status":"closed","template":"elementor_header_footer","meta":{"rs_blank_template":"","rs_page_bg_color":"","slide_template_v7":"","_monsterinsights_skip_tracking":false,"_monsterinsights_sitenote_active":false,"_monsterinsights_sitenote_note":"","_monsterinsights_sitenote_category":0,"footnotes":""},"class_list":["post-759","page","type-page","status-publish","hentry"],"_links":{"self":[{"href":"https:\/\/nobelapartment.gr\/fr\/wp-json\/wp\/v2\/pages\/759","targetHints":{"allow":["GET"]}}],"collection":[{"href":"https:\/\/nobelapartment.gr\/fr\/wp-json\/wp\/v2\/pages"}],"about":[{"href":"https:\/\/nobelapartment.gr\/fr\/wp-json\/wp\/v2\/types\/page"}],"author":[{"embeddable":true,"href":"https:\/\/nobelapartment.gr\/fr\/wp-json\/wp\/v2\/users\/1"}],"replies":[{"embeddable":true,"href":"https:\/\/nobelapartment.gr\/fr\/wp-json\/wp\/v2\/comments?post=759"}],"version-history":[{"count":23,"href":"https:\/\/nobelapartment.gr\/fr\/wp-json\/wp\/v2\/pages\/759\/revisions"}],"predecessor-version":[{"id":2308,"href":"https:\/\/nobelapartment.gr\/fr\/wp-json\/wp\/v2\/pages\/759\/revisions\/2308"}],"wp:attachment":[{"href":"https:\/\/nobelapartment.gr\/fr\/wp-json\/wp\/v2\/media?parent=759"}],"curies":[{"name":"wp","href":"https:\/\/api.w.org\/{rel}","templated":true}]}}