{"id":2202,"date":"2024-02-22T20:37:39","date_gmt":"2024-02-22T20:37:39","guid":{"rendered":"https:\/\/nobelapartment.gr\/mentions-legales\/"},"modified":"2024-03-22T16:19:36","modified_gmt":"2024-03-22T16:19:36","slug":"mentions-legales","status":"publish","type":"page","link":"https:\/\/nobelapartment.gr\/fr\/mentions-legales\/","title":{"rendered":"Mentions l\u00e9gales"},"content":{"rendered":"\n<p><strong>Veuillez lire attentivement ces conditions avant d&rsquo;utiliser ce site<\/strong><\/p>\n\n<p>Ces documents sont fournis par Nobel Apartment, Crete, Chania, ses filiales, affili\u00e9s et entit\u00e9s li\u00e9es (\u00ab\u00a0Noble Apartment\u00a0\u00bb) en tant que service \u00e0 ses clients et peuvent \u00eatre utilis\u00e9s \u00e0 des fins d&rsquo;information uniquement. En utilisant ce site, vous acceptez ces conditions Si vous n&rsquo;acceptez pas ces conditions, veuillez ne pas utiliser ce site<\/p>\n\n<p><strong>AVIS DE MARQUE DE COMMERCE<\/strong><\/p>\n\n<p>Ce site Web contient la marque Nobel Apartment et d&rsquo;autres marques de valeur d\u00e9tenues et utilis\u00e9es par Noble Apartment pour distinguer ses services et ses produits Ces marques et la propri\u00e9t\u00e9 connexe sont prot\u00e9g\u00e9es contre la copie et la simulation en vertu des lois nationales et internationales et ne peuvent \u00eatre reproduites, copi\u00e9es ou utilis\u00e9es d&rsquo;une autre mani\u00e8re sans l&rsquo;autorisation \u00e9crite expresse et pr\u00e9alable de Noble Apartment.<\/p>\n\n<p><strong>AVIS DE COPYRIGHT<\/strong><\/p>\n\n<p>Les informations, textes, graphiques, images, sons, liens et toutes autres informations et logiciels publi\u00e9s ou autrement contenus sur ce site (le \u00ab\u00a0Contenu\u00a0\u00bb) sont la propri\u00e9t\u00e9 exclusive de Noble Apartment et, \u00e0 l&rsquo;exception de ce qui est sp\u00e9cifiquement pr\u00e9vu ici, ne peuvent \u00eatre copi\u00e9s, distribu\u00e9s, affich\u00e9s, reproduits ou transmis, sous quelque forme ou par quelque moyen que ce soit, \u00e9lectronique, m\u00e9canique, photocopie, enregistrement ou autre, sans l&rsquo;autorisation \u00e9crite pr\u00e9alable de Noble Apartment . En cas d&rsquo;autorisation \u00e9crite, toutes les informations t\u00e9l\u00e9charg\u00e9es (\u00ab\u00a0contenu\u00a0\u00bb) doivent \u00eatre attribu\u00e9es \u00e0 Nobel Apartment Copyright \u00a9 2024 Kokolaki Anna. Tous droits r\u00e9serv\u00e9s.<\/p>\n\n<p><strong>LICENCE RESTREINTE<\/strong><\/p>\n\n<p>Le contenu peut \u00eatre t\u00e9l\u00e9charg\u00e9 et reproduit uniquement \u00e0 des fins personnelles, non commerciales ou internes Il s&rsquo;agit d&rsquo;une licence et non d&rsquo;un transfert de titre, et elle est soumise aux restrictions suivantes: (a) le contenu ne peut \u00eatre modifi\u00e9 ou utilis\u00e9 \u00e0 des fins commerciales ou \u00e0 des fins d&rsquo;affichage public, de repr\u00e9sentation, de vente ou de location; (b) le contenu du logiciel ne peut \u00eatre d\u00e9compil\u00e9, d\u00e9soss\u00e9 ou d\u00e9sassembl\u00e9 de quelque mani\u00e8re que ce soit; (c) aucun droit d&rsquo;auteur ou autre avis de propri\u00e9t\u00e9 ne peut \u00eatre supprim\u00e9 du contenu; (d) le contenu ne peut \u00eatre transf\u00e9r\u00e9 \u00e0 une autre personne ; et (e) toute personne t\u00e9l\u00e9chargeant, reproduisant ou utilisant de toute autre mani\u00e8re le contenu s&rsquo;engage par les pr\u00e9sentes \u00e0 emp\u00eacher toute copie non autoris\u00e9e du contenu<\/p>\n\n<p><strong>AVIS G\u00c9N\u00c9RAL<\/strong><\/p>\n\n<p>Noble Apartment s&rsquo;efforce de garantir l&rsquo;exactitude et la fiabilit\u00e9 du contenu ; Cependant, Noble Apartment et ses agents ne sont pas infaillibles et des erreurs et\/ou omissions peuvent parfois se produire Par cons\u00e9quent, Noble Apartment d\u00e9cline toute garantie de quelque nature que ce soit, expresse ou implicite, concernant toute question relative \u00e0 ce site Web et \u00e0 tous les liens qui s&rsquo;y trouvent ou qui en proviennent, y compris, sans s&rsquo;y limiter, la qualit\u00e9 marchande, la non-violation de la propri\u00e9t\u00e9 intellectuelle ou l&rsquo;ad\u00e9quation \u00e0 un usage particulier.<\/p>\n\n<p>Noble Apartment ne garantit pas l&rsquo;exactitude, l&rsquo;actualit\u00e9 ou l&rsquo;exhaustivit\u00e9 du contenu, y compris, mais sans s&rsquo;y limiter, toute information relative aux prix ou \u00e0 la disponibilit\u00e9. Noble Apartment r\u00e9visera de temps \u00e0 autre le contenu et\/ou les produits, services et ressources qui y sont d\u00e9crits et se r\u00e9serve le droit d&rsquo;apporter de tels changements sans obligation d&rsquo;en informer les visiteurs pass\u00e9s, pr\u00e9sents ou potentiels de ce site Web .<\/p>\n\n<p>En aucun cas Noble Apartment ne pourra \u00eatre tenu responsable de tout dommage indirect, particulier, accidentel ou cons\u00e9cutif (y compris, mais sans s&rsquo;y limiter, les dommages pour perte de profits, interruption d&rsquo;activit\u00e9 et perte d&rsquo;informations) r\u00e9sultant de l&rsquo;utilisation ou de l&rsquo;impossibilit\u00e9 d&rsquo;utiliser le contenu, m\u00eame si Noble Apartment a \u00e9t\u00e9 averti de la possibilit\u00e9 de tels dommages.<\/p>\n\n<p><strong>COMMUNICATIONS<\/strong><\/p>\n\n<p>En ce qui concerne toutes les communications faites \u00e0 Noble Apartment, y compris, mais sans s&rsquo;y limiter, les r\u00e9actions, les questions, les commentaires et les suggestions (\u00ab\u00a0Communications\u00a0\u00bb): (a) aucun droit de confidentialit\u00e9 ne s&rsquo;applique aux communications et Noble Apartment n&rsquo;a aucune obligation de prot\u00e9ger les communications contre la divulgation ; (b) Noble Apartment est libre de reproduire, d&rsquo;utiliser, de divulguer et de distribuer les communications \u00e0 d&rsquo;autres ; et (c) Noble Apartment est libre d&rsquo;utiliser les id\u00e9es, concepts, savoir-faire ou techniques contenus dans les communications \u00e0 quelque fin que ce soit, y compris, mais sans s&rsquo;y limiter, le d\u00e9veloppement, la production et la commercialisation de produits et services qui int\u00e8grent ces informations .<\/p>\n\n<p>Veuillez utiliser uniquement le courrier \u00e9lectronique pour nous envoyer des notes non confidentielles. Ne pas inclure d&rsquo;informations confidentielles personnelles ou priv\u00e9es. Pour votre protection, nos r\u00e9ponses ne contiendront aucune information confidentielle. N&rsquo;utilisez pas le courrier \u00e9lectronique pour nous envoyer des instructions de transaction. Les clients qui choisissent d&rsquo;envoyer \u00e0 Noble Apartment des messages \u00e9lectroniques contenant des informations confidentielles, priv\u00e9es ou personnelles le font enti\u00e8rement \u00e0 leurs propres risques.<\/p>\n\n<p><strong>MARKETING COMMUNICATIONS &#8211; e-NEWSLETTERS<\/strong><\/p>\n\n<p>Nous pouvons parfois vous envoyer des informations sur nos produits et services, y compris des nouvelles sur nos h\u00f4tels, ou vous inviter \u00e0 des \u00e9v\u00e9nements par courrier \u00e9lectronique (e-newsletters) .<\/p>\n","protected":false},"excerpt":{"rendered":"<p>Veuillez lire attentivement ces conditions avant d&rsquo;utiliser ce site Ces documents sont fournis par Nobel Apartment, Crete, Chania, ses filiales, affili\u00e9s et entit\u00e9s li\u00e9es (\u00ab\u00a0Noble Apartment\u00a0\u00bb) en tant que service \u00e0 ses clients et peuvent \u00eatre utilis\u00e9s \u00e0 des fins d&rsquo;information uniquement. En utilisant ce site, vous acceptez ces conditions Si vous n&rsquo;acceptez pas ces [&hellip;]<\/p>\n","protected":false},"author":1,"featured_media":0,"parent":0,"menu_order":0,"comment_status":"closed","ping_status":"closed","template":"","meta":{"rs_blank_template":"","rs_page_bg_color":"","slide_template_v7":"","_monsterinsights_skip_tracking":false,"_monsterinsights_sitenote_active":false,"_monsterinsights_sitenote_note":"","_monsterinsights_sitenote_category":0,"footnotes":""},"class_list":["post-2202","page","type-page","status-publish","hentry"],"_links":{"self":[{"href":"https:\/\/nobelapartment.gr\/fr\/wp-json\/wp\/v2\/pages\/2202","targetHints":{"allow":["GET"]}}],"collection":[{"href":"https:\/\/nobelapartment.gr\/fr\/wp-json\/wp\/v2\/pages"}],"about":[{"href":"https:\/\/nobelapartment.gr\/fr\/wp-json\/wp\/v2\/types\/page"}],"author":[{"embeddable":true,"href":"https:\/\/nobelapartment.gr\/fr\/wp-json\/wp\/v2\/users\/1"}],"replies":[{"embeddable":true,"href":"https:\/\/nobelapartment.gr\/fr\/wp-json\/wp\/v2\/comments?post=2202"}],"version-history":[{"count":1,"href":"https:\/\/nobelapartment.gr\/fr\/wp-json\/wp\/v2\/pages\/2202\/revisions"}],"predecessor-version":[{"id":2203,"href":"https:\/\/nobelapartment.gr\/fr\/wp-json\/wp\/v2\/pages\/2202\/revisions\/2203"}],"wp:attachment":[{"href":"https:\/\/nobelapartment.gr\/fr\/wp-json\/wp\/v2\/media?parent=2202"}],"curies":[{"name":"wp","href":"https:\/\/api.w.org\/{rel}","templated":true}]}}