{"id":2200,"date":"2024-02-22T20:37:39","date_gmt":"2024-02-22T20:37:39","guid":{"rendered":"https:\/\/nobelapartment.gr\/rechtliche-hinweise\/"},"modified":"2024-03-22T16:13:05","modified_gmt":"2024-03-22T16:13:05","slug":"rechtliche-hinweise","status":"publish","type":"page","link":"https:\/\/nobelapartment.gr\/de\/rechtliche-hinweise\/","title":{"rendered":"Rechtliche Hinweise"},"content":{"rendered":"\n<p><strong>BITTE LESEN SIE DIESE BEDINGUNGEN VOR DER NUTZUNG DIESER WEBSITE SORGF\u00c4LTIG DURCH<\/strong><\/p>\n\n<p>Diese Materialien werden von Nobel Apartment, Kreta, Chania, seinen Tochtergesellschaften, angeschlossenen Unternehmen und verbundenen Unternehmen (&#8222;Nobel Apartment&#8220;) als Service f\u00fcr seine Kunden zur Verf\u00fcgung gestellt und d\u00fcrfen nur zu Informationszwecken verwendet werden. Durch die Nutzung dieser Website erkl\u00e4ren Sie sich mit diesen Bedingungen einverstanden. Wenn Sie mit diesen Bedingungen nicht einverstanden sind, nutzen Sie diese Website bitte nicht.<\/p>\n\n<p><strong>MARKENHINWEIS<\/strong><\/p>\n\n<p>Diese Website enth\u00e4lt das Nobel Apartment und andere wertvolle Marken, die im Besitz von Noble Apartment sind und von diesem verwendet werden, um seine Dienstleistungen und Waren zu kennzeichnen. Diese Marken und das damit verbundene Eigentum sind durch nationale und internationale Gesetze vor Kopieren und Nachahmen gesch\u00fctzt und d\u00fcrfen ohne die ausdr\u00fcckliche vorherige schriftliche Genehmigung von Noble Apartment. nicht reproduziert, kopiert oder anderweitig verwendet werden;<\/p>\n\n<p><strong>COPYRIGHT-VERMERK<\/strong><\/p>\n\n<p>Die Informationen, Texte, Grafiken, Bilder, T\u00f6ne, Links und alle anderen Informationen und Software, die auf dieser Website ver\u00f6ffentlicht oder anderweitig enthalten sind (die &#8222;Inhalte&#8220;), sind das ausschlie\u00dfliche Eigentum von Noble Apartment und d\u00fcrfen, au\u00dfer wie hierin ausdr\u00fccklich vorgesehen, nicht kopiert, verteilt, angezeigt, vervielf\u00e4ltigt oder \u00fcbertragen werden, egal in welcher Form oder mit welchen Mitteln, elektronisch, mechanisch, durch Fotokopieren, Aufzeichnen oder anderweitig, ohne die vorherige schriftliche Genehmigung von Noble Apartment. F\u00fcr den Fall, dass eine schriftliche Genehmigung erteilt wird, m\u00fcssen alle heruntergeladenen Informationen (&#8222;Inhalte&#8220;) Nobel Apartment Copyright \u00a9 2024 Kokolaki Anna. gutgeschrieben werden; Alle Rechte vorbehalten.<\/p>\n\n<p><strong>EINGESCHR\u00c4NKTE LIZENZ<\/strong><\/p>\n\n<p>Der Inhalt darf ausschlie\u00dflich f\u00fcr den pers\u00f6nlichen, nicht-kommerziellen oder internen Gebrauch heruntergeladen und vervielf\u00e4ltigt werden. Es handelt sich um eine Lizenz und nicht um eine Eigentums\u00fcbertragung, die folgenden Einschr\u00e4nkungen unterliegt: (a) Die Inhalte d\u00fcrfen nicht ver\u00e4ndert oder f\u00fcr kommerzielle Zwecke oder f\u00fcr die \u00f6ffentliche Vorf\u00fchrung, Auff\u00fchrung, den Verkauf oder die Vermietung verwendet werden; (b) Software-Inhalte d\u00fcrfen nicht dekompiliert, zur\u00fcckentwickelt oder in irgendeiner Weise disassembliert werden; (c) es d\u00fcrfen keine Urheberrechts- oder andere Eigentumsvermerke von den Inhalten entfernt werden;(b) die Softwareinhalte d\u00fcrfen nicht dekompiliert, zur\u00fcckentwickelt oder in irgendeiner Weise zerlegt werden; (d) der Inhalt darf nicht auf eine andere Person \u00fcbertragen werden; und (e) jede Person, die den Inhalt herunterl\u00e4dt, vervielf\u00e4ltigt oder anderweitig nutzt, verpflichtet sich hiermit, jede unbefugte Vervielf\u00e4ltigung des Inhalts zu verhindern.<\/p>\n\n<p><strong>ALLGEMEINER HINWEIS<\/strong><\/p>\n\n<p>Noble Apartment ist bestrebt, sicherzustellen, dass die Inhalte korrekt und zuverl\u00e4ssig sind; Noble Apartment und seine Mitarbeiter sind jedoch nicht unfehlbar, und es kann manchmal zu Fehlern und\/oder Auslassungen kommen. Aus diesem Grund lehnt Noble Apartment jegliche ausdr\u00fcckliche oder stillschweigende Garantie in Bezug auf diese Website und alle Links zu ihr und von ihr ab, einschlie\u00dflich und ohne Einschr\u00e4nkung in Bezug auf die Marktg\u00e4ngigkeit, die Nichtverletzung geistigen Eigentums oder die Eignung f\u00fcr einen bestimmten Zweck;<\/p>\n\n<p>Noble Apartment \u00fcbernimmt keine Garantie f\u00fcr die Richtigkeit, Aktualit\u00e4t oder Vollst\u00e4ndigkeit der Inhalte, einschlie\u00dflich, aber nicht beschr\u00e4nkt auf Informationen, die sich auf Preise oder Verf\u00fcgbarkeiten beziehen. Noble Apartment wird von Zeit zu Zeit den Inhalt und\/oder die darin beschriebenen Produkte, Dienstleistungen und Ressourcen \u00fcberarbeiten und beh\u00e4lt sich das Recht vor, solche \u00c4nderungen vorzunehmen, ohne dass eine Verpflichtung besteht, fr\u00fchere, gegenw\u00e4rtige oder zuk\u00fcnftige Besucher dieser Website zu benachrichtigen.<\/p>\n\n<p>IN KEINEM FALL IST Noble Apartment HAFTBAR F\u00dcR IRGENDWELCHE INDIREKTEN, SPEZIELLEN, ZUF\u00c4LLIGEN ODER FOLGESCH\u00c4DEN (EINSCHLIESSLICH, OHNE EINSCHR\u00c4NKUNG, SCH\u00c4DEN F\u00dcR GEWINNVERLUST, GESCH\u00c4FTSUNTERBRECHUNG UND INFORMATIONSVERLUST), DIE AUS DER NUTZUNG ODER DER UNM\u00d6GLICHKEIT DER NUTZUNG DER INHALTE ENTSTEHEN, SELBST WENN Noble Apartment \u00dcBER DIE M\u00d6GLICHKEIT SOLCHER SCH\u00c4DEN INFORMIERT WURDE.<\/p>\n\n<p><strong>KOMMUNIKATION<\/strong><\/p>\n\n<p>In Bezug auf alle Mitteilungen an Noble Apartment, einschlie\u00dflich, ohne Einschr\u00e4nkung, Feedback, Fragen, Kommentare und Vorschl\u00e4ge (&#8222;Mitteilungen&#8220;): (a) kein Recht auf Vertraulichkeit gilt f\u00fcr Kommunikationen und Noble Apartment hat keine Verpflichtung, Kommunikationen vor Offenlegung zu sch\u00fctzen; (b) Noble Apartment steht es frei, Mitteilungen zu vervielf\u00e4ltigen, zu nutzen, offenzulegen und an andere zu verteilen; und (c) Noble Apartment steht es frei, jegliche Ideen, Konzepte, Know-how oder Techniken, die in den Mitteilungen enthalten sind, f\u00fcr jeden beliebigen Zweck zu nutzen, einschlie\u00dflich, aber nicht beschr\u00e4nkt auf die Entwicklung, Herstellung und Vermarktung von Produkten und Dienstleistungen, die solche Informationen enthalten;<\/p>\n\n<p>Bitte verwenden Sie nur Internet-E-Mails, um uns nicht-vertrauliche Mitteilungen zu senden; F\u00fcgen Sie keine vertraulichen pers\u00f6nlichen oder privaten Informationen hinzu. Zu Ihrem Schutz werden unsere Antworten keine vertraulichen Informationen enthalten. Bitte verwenden Sie keine Internet-E-Mails, um uns Transaktionsanweisungen zu senden; Kunden, die sich daf\u00fcr entscheiden, Internet-E-Mails an Noble Apartment zu senden, die vertrauliche, private oder pers\u00f6nliche Informationen enthalten, tun dies auf eigenes Risiko.<\/p>\n\n<p><strong>MARKETINGKOMMUNIKATION &#8211; e-NEWSLETTERS<\/strong><\/p>\n\n<p>Gelegentlich senden wir Ihnen Informationen \u00fcber unsere Produkte und Dienstleistungen, einschlie\u00dflich Neuigkeiten \u00fcber unsere Hotels, oder laden Sie zu Veranstaltungen per E-Mail ein (E-Newsletter);<\/p>\n","protected":false},"excerpt":{"rendered":"<p>BITTE LESEN SIE DIESE BEDINGUNGEN VOR DER NUTZUNG DIESER WEBSITE SORGF\u00c4LTIG DURCH Diese Materialien werden von Nobel Apartment, Kreta, Chania, seinen Tochtergesellschaften, angeschlossenen Unternehmen und verbundenen Unternehmen (&#8222;Nobel Apartment&#8220;) als Service f\u00fcr seine Kunden zur Verf\u00fcgung gestellt und d\u00fcrfen nur zu Informationszwecken verwendet werden. Durch die Nutzung dieser Website erkl\u00e4ren Sie sich mit diesen Bedingungen [&hellip;]<\/p>\n","protected":false},"author":1,"featured_media":0,"parent":0,"menu_order":0,"comment_status":"closed","ping_status":"closed","template":"","meta":{"rs_blank_template":"","rs_page_bg_color":"","slide_template_v7":"","_monsterinsights_skip_tracking":false,"_monsterinsights_sitenote_active":false,"_monsterinsights_sitenote_note":"","_monsterinsights_sitenote_category":0,"footnotes":""},"class_list":["post-2200","page","type-page","status-publish","hentry"],"_links":{"self":[{"href":"https:\/\/nobelapartment.gr\/de\/wp-json\/wp\/v2\/pages\/2200","targetHints":{"allow":["GET"]}}],"collection":[{"href":"https:\/\/nobelapartment.gr\/de\/wp-json\/wp\/v2\/pages"}],"about":[{"href":"https:\/\/nobelapartment.gr\/de\/wp-json\/wp\/v2\/types\/page"}],"author":[{"embeddable":true,"href":"https:\/\/nobelapartment.gr\/de\/wp-json\/wp\/v2\/users\/1"}],"replies":[{"embeddable":true,"href":"https:\/\/nobelapartment.gr\/de\/wp-json\/wp\/v2\/comments?post=2200"}],"version-history":[{"count":1,"href":"https:\/\/nobelapartment.gr\/de\/wp-json\/wp\/v2\/pages\/2200\/revisions"}],"predecessor-version":[{"id":2201,"href":"https:\/\/nobelapartment.gr\/de\/wp-json\/wp\/v2\/pages\/2200\/revisions\/2201"}],"wp:attachment":[{"href":"https:\/\/nobelapartment.gr\/de\/wp-json\/wp\/v2\/media?parent=2200"}],"curies":[{"name":"wp","href":"https:\/\/api.w.org\/{rel}","templated":true}]}}